{"id":20,"date":"2024-10-22T17:36:48","date_gmt":"2024-10-22T17:36:48","guid":{"rendered":"https:\/\/puebla420.com\/?page_id=20"},"modified":"2024-10-22T17:36:48","modified_gmt":"2024-10-22T17:36:48","slug":"metatags1","status":"publish","type":"page","link":"https:\/\/puebla420.com\/index.php\/metatags1\/","title":{"rendered":"metatags1"},"content":{"rendered":"<p>comprar marihuana Puebla, cannabis a domicilio Puebla, tienda de cannabis online Puebla, marihuana legal Puebla, flores de marihuana Puebla, comestibles de marihuana Puebla, aceite de cannabis Puebla, concentrados de cannabis Puebla, dispensario en l\u00ednea Puebla, marihuana medicinal Puebla, marihuana recreativa Puebla, productos de CBD Puebla, cepas de marihuana Puebla, marihuana org\u00e1nica Puebla, cultivo de marihuana Puebla, recetas con marihuana Puebla, beneficios de la marihuana Puebla, efectos de la marihuana Puebla, consumo responsable Puebla, productos cann\u00e1bicos Puebla, educaci\u00f3n sobre marihuana Puebla, legislaci\u00f3n de marihuana en Puebla, mercado de marihuana Puebla, comunidad cann\u00e1bica Puebla, cultura cann\u00e1bica Puebla, consejos para consumidores de marihuana Puebla, productos de bienestar con marihuana Puebla, cosm\u00e9ticos de marihuana Puebla, cremas de CBD Puebla, productos de cuidado personal con marihuana Puebla, vaporizadores de marihuana Puebla, parafernalia de marihuana Puebla, investigaciones sobre marihuana Puebla, estudios de caso sobre marihuana Puebla, mitos sobre marihuana Puebla, productos innovadores de marihuana Puebla, derechos del consumidor de marihuana Puebla, grupos de apoyo sobre marihuana Puebla, eventos de marihuana Puebla, ferias de marihuana Puebla, festivales de marihuana Puebla, activismo por la marihuana Puebla, movimientos a favor de la marihuana Puebla, cannabis y salud mental Puebla, marihuana y dolor cr\u00f3nico Puebla, marihuana y ansiedad Puebla, marihuana y c\u00e1ncer Puebla, alternativas a la marihuana Puebla, comparaci\u00f3n de productos de marihuana Puebla, testimonios de usuarios de marihuana Puebla, opiniones sobre marihuana Puebla, recomendaciones de consumo de marihuana Puebla, cultivo en interiores de marihuana Puebla, cultivo en exteriores de marihuana Puebla, nutrientes para marihuana Puebla, semillas de marihuana Puebla, esquejes de marihuana Puebla, cultivos hidrop\u00f3nicos de marihuana Puebla, variedades de marihuana Puebla, diferencias entre THC y CBD Puebla, dosificaci\u00f3n de marihuana Puebla, cannabis y deportes Puebla, cannabis y creatividad Puebla, salud p\u00fablica y marihuana Puebla, econom\u00eda de la marihuana Puebla, turismo cann\u00e1bico Puebla, producci\u00f3n de marihuana en Puebla, impacto ambiental de la marihuana Puebla, pr\u00e1cticas sostenibles en el cultivo de marihuana Puebla, derechos legales de la marihuana Puebla, tienda de marihuana en l\u00ednea Puebla, servicio al cliente marihuana Puebla, entrega discreta de marihuana Puebla, precios de marihuana Puebla, calidad de productos de marihuana Puebla, rese\u00f1as de productos de marihuana Puebla, marcas de marihuana Puebla, distribuci\u00f3n de marihuana Puebla, informaci\u00f3n sobre marihuana Puebla, preguntas frecuentes sobre marihuana Puebla, atenci\u00f3n al cliente marihuana Puebla, blogs sobre marihuana Puebla, art\u00edculos sobre marihuana Puebla, cultura y marihuana Puebla, historia de la marihuana Puebla, mitos y realidades de la marihuana Puebla, percepci\u00f3n social de la marihuana Puebla, marihuana y la ley Puebla, pol\u00edticas de marihuana en Puebla, cannabis y su uso recreativo Puebla, cannabis y su uso medicinal Puebla, estudios cient\u00edficos sobre marihuana Puebla, cannabis en la sociedad Puebla, cannabis y econom\u00eda Puebla, tendencias de consumo de marihuana Puebla, recetas de cocina con marihuana Puebla, integraci\u00f3n del cannabis en la vida diaria Puebla, consejos de expertos sobre marihuana Puebla, comunidades de marihuana Puebla, activismo y marihuana Puebla, recursos educativos sobre marihuana Puebla, marihuana y bienestar Puebla, marihuana y salud Puebla, marihuana y vida social Puebla, marihuana y cultura popular Puebla, marihuana en la m\u00fasica Puebla, marihuana en el cine Puebla, marihuana en la literatura Puebla, arte y marihuana Puebla, marihuana y creatividad Puebla.<\/p>\n","protected":false},"excerpt":{"rendered":"<p>comprar marihuana Puebla, cannabis a domicilio Puebla, tienda de cannabis online Puebla, marihuana legal Puebla, flores de marihuana Puebla, comestibles de marihuana Puebla, aceite de cannabis Puebla, concentrados de cannabis Puebla, dispensario en l\u00ednea Puebla, marihuana medicinal Puebla, marihuana recreativa Puebla, productos de CBD Puebla, cepas de marihuana Puebla, marihuana org\u00e1nica Puebla, cultivo de marihuana [&hellip;]<\/p>\n","protected":false},"author":1,"featured_media":0,"parent":0,"menu_order":0,"comment_status":"closed","ping_status":"closed","template":"","meta":{"footnotes":""},"class_list":["post-20","page","type-page","status-publish","hentry"],"_links":{"self":[{"href":"https:\/\/puebla420.com\/index.php\/wp-json\/wp\/v2\/pages\/20","targetHints":{"allow":["GET"]}}],"collection":[{"href":"https:\/\/puebla420.com\/index.php\/wp-json\/wp\/v2\/pages"}],"about":[{"href":"https:\/\/puebla420.com\/index.php\/wp-json\/wp\/v2\/types\/page"}],"author":[{"embeddable":true,"href":"https:\/\/puebla420.com\/index.php\/wp-json\/wp\/v2\/users\/1"}],"replies":[{"embeddable":true,"href":"https:\/\/puebla420.com\/index.php\/wp-json\/wp\/v2\/comments?post=20"}],"version-history":[{"count":1,"href":"https:\/\/puebla420.com\/index.php\/wp-json\/wp\/v2\/pages\/20\/revisions"}],"predecessor-version":[{"id":21,"href":"https:\/\/puebla420.com\/index.php\/wp-json\/wp\/v2\/pages\/20\/revisions\/21"}],"wp:attachment":[{"href":"https:\/\/puebla420.com\/index.php\/wp-json\/wp\/v2\/media?parent=20"}],"curies":[{"name":"wp","href":"https:\/\/api.w.org\/{rel}","templated":true}]}}